{"id":501,"date":"2023-06-08T17:45:36","date_gmt":"2023-06-08T15:45:36","guid":{"rendered":"http:\/\/itis.fis.unm.si\/?page_id=501"},"modified":"2025-04-07T08:32:48","modified_gmt":"2025-04-07T06:32:48","slug":"venue","status":"publish","type":"page","link":"https:\/\/itis.fis.unm.si\/index.php\/venue\/","title":{"rendered":"Venue"},"content":{"rendered":"\n<p> Conference will take place in&nbsp;<strong><a href=\"https:\/\/www.novomesto.si\/en\/\">Novo mesto<\/a>,&nbsp;<a href=\"https:\/\/www.slovenia.info\/en\">Slovenia<\/a><\/strong>&nbsp;in the conference centre at <strong><a href=\"https:\/\/www.terme-krka.com\/en\/otocec\/accommodation\/hotel-sport\">Hotel \u0160port Oto\u010dec<\/a>.<\/strong><\/p>\n\n\n\n<p><\/p>\n\n\n\n<iframe src=\"https:\/\/www.google.com\/maps\/embed?pb=!1m18!1m12!1m3!1d2779.535006080243!2d15.229840376817387!3d45.84059090824583!2m3!1f0!2f0!3f0!3m2!1i1024!2i768!4f13.1!3m3!1m2!1s0x4765aaf662219e67%3A0xc0061f9e5472828b!2sHotel%20Sport!5e0!3m2!1ssl!2ssi!4v1743669748902!5m2!1ssl!2ssi\" width=\"600\" height=\"600\" style=\"border:0;\" allowfullscreen=\"\" loading=\"lazy\" referrerpolicy=\"no-referrer-when-downgrade\"><\/iframe>\n\n\n\n<p><\/p>\n\n\n\n<p>The&nbsp;address of the conference centre:<br> Hotel \u0160port Oto\u010dec<br> Grajska cesta 2<br> 8222 Oto\u010dec<\/p>\n\n\n\n<h3 class=\"wp-block-heading\"><strong>Hotel \u0160port Oto\u010dec location<\/strong><\/h3>\n\n\n\n<p class=\"has-medium-font-size\">Located in Oto\u010dec, Hotel \u0160port Oto\u010dec offers comfortable accommodation surrounded by nature, ideal for sports enthusiasts and relaxation seekers alike. The hotel features a restaurant and a bar, along with free parking, free WiFi, and wellness facilities. All rooms are equipped with air conditioning, a flat-screen satellite TV, a desk, and a wardrobe, while private bathrooms include a shower and a hairdryer. Guests can enjoy various outdoor activities, including tennis, cycling, and hiking.<\/p>\n\n\n\n<p class=\"has-medium-font-size\">The hotel is just 300 meters from Oto\u010dec Castle and 7 km from the center of Novo Mesto. The nearest airport, Ljubljana Jo\u017ee Pu\u010dnik Airport, is 78 km away.<\/p>\n","protected":false},"excerpt":{"rendered":"<p>Conference will take place in&nbsp;Novo mesto,&nbsp;Slovenia&nbsp;in the conference centre at Hotel \u0160port Oto\u010dec. The&nbsp;address of the conference centre: Hotel \u0160port Oto\u010dec Grajska cesta 2 8222 Oto\u010dec Hotel \u0160port Oto\u010dec location Located in Oto\u010dec, Hotel \u0160port Oto\u010dec offers comfortable accommodation surrounded by nature, ideal for sports enthusiasts and relaxation seekers alike. The hotel features a restaurant &hellip; <\/p>\n","protected":false},"author":2,"featured_media":0,"parent":0,"menu_order":0,"comment_status":"closed","ping_status":"closed","template":"","meta":{"footnotes":""},"class_list":["post-501","page","type-page","status-publish","hentry","latest_post"],"_links":{"self":[{"href":"https:\/\/itis.fis.unm.si\/index.php\/wp-json\/wp\/v2\/pages\/501"}],"collection":[{"href":"https:\/\/itis.fis.unm.si\/index.php\/wp-json\/wp\/v2\/pages"}],"about":[{"href":"https:\/\/itis.fis.unm.si\/index.php\/wp-json\/wp\/v2\/types\/page"}],"author":[{"embeddable":true,"href":"https:\/\/itis.fis.unm.si\/index.php\/wp-json\/wp\/v2\/users\/2"}],"replies":[{"embeddable":true,"href":"https:\/\/itis.fis.unm.si\/index.php\/wp-json\/wp\/v2\/comments?post=501"}],"version-history":[{"count":26,"href":"https:\/\/itis.fis.unm.si\/index.php\/wp-json\/wp\/v2\/pages\/501\/revisions"}],"predecessor-version":[{"id":1390,"href":"https:\/\/itis.fis.unm.si\/index.php\/wp-json\/wp\/v2\/pages\/501\/revisions\/1390"}],"wp:attachment":[{"href":"https:\/\/itis.fis.unm.si\/index.php\/wp-json\/wp\/v2\/media?parent=501"}],"curies":[{"name":"wp","href":"https:\/\/api.w.org\/{rel}","templated":true}]}}