{"id":496,"date":"2023-06-08T17:45:36","date_gmt":"2023-06-08T15:45:36","guid":{"rendered":"http:\/\/itis.fis.unm.si\/?page_id=496"},"modified":"2025-06-30T09:36:44","modified_gmt":"2025-06-30T07:36:44","slug":"committee-members","status":"publish","type":"page","link":"https:\/\/itis.fis.unm.si\/index.php\/committee-members\/","title":{"rendered":"Committee Members"},"content":{"rendered":"\n<h2 class=\"wp-block-heading\">Organizing Committee<\/h2>\n\n\n\n<ul class=\"wp-block-list\">\n<li>Maru\u0161a Gori\u0161ek, <strong>chair<\/strong>, Faculty of Information Studies in Novo mesto, Slovenia&nbsp;<\/li>\n\n\n\n<li>Tea Golob, <strong>chair<\/strong>, Faculty of Information Studies in Novo mesto, Slovenia&nbsp;<\/li>\n\n\n\n<li>Biljana Mileva Boshkoska, <strong>chair<\/strong>, Faculty of Information Studies in Novo mesto, Slovenia<\/li>\n\n\n\n<li>Bla\u017e Rodi\u010d, <strong>chair<\/strong>, Faculty of Information Studies in Novo mesto, Slovenia<\/li>\n\n\n\n<li>Alja\u017e Blatnik, Faculty of Information Studies in Novo mesto, Slovenia<\/li>\n\n\n\n<li>Nika Robida, Faculty of Information Studies in Novo mesto, Slovenia<\/li>\n\n\n\n<li>Kseniia Gromova, Faculty of Information Studies in Novo mesto, Slovenia<\/li>\n\n\n\n<li>Mateja Lesar, Faculty of Information Studies in Novo mesto, Slovenia<\/li>\n\n\n\n<li>Danica Kodela, Faculty of Information Studies in Novo mesto, Slovenia&nbsp;<\/li>\n\n\n\n<li>Katja Peterlin, Faculty of Information Studies in Novo mesto, Slovenia<\/li>\n\n\n\n<li>Alex Zorko, Faculty of Information Studies in Novo mesto, Slovenia<\/li>\n\n\n\n<li>Teja \u0160trempfel, Faculty of Information Studies in Novo mesto, Slovenia<\/li>\n\n\n\n<li>Lea-Marija Colari\u010d Jak\u0161e, Landscape Governance College Grm in Novo mesto, Slovenia<\/li>\n\n\n\n<li>Annmarie Gorenc Zoran, Faculty of Organization Studies in Novo mesto, Slovenia<\/li>\n\n\n\n<li>Simon Muhi\u010d, Faculty of Industrial Engineering in Novo mesto, Slovenia<\/li>\n\n\n\n<li>Janez Povh, Rudolfovo \u2013 Science and Technology Centre in Novo mesto, Slovenia<\/li>\n<\/ul>\n\n\n\n<h2 class=\"wp-block-heading\">Program Committee<\/h2>\n\n\n\n<ul class=\"wp-block-list\">\n<li>Zoran Levnaji\u0107, <strong>chair<\/strong>, Faculty of Information Studies in Novo mesto, Slovenia\u00a0<\/li>\n\n\n\n<li>Nu\u0161a Erman, Faculty of Information Studies in Novo mesto, Slovenia&nbsp;<\/li>\n\n\n\n<li>Filipo Sharevski, DePaul University, Chicago, USA<\/li>\n\n\n\n<li>Vesna Andova, \u201cSS. Cyril and Methodius\u201d University in Skopje, North Macedonia&nbsp;<\/li>\n\n\n\n<li>Galia Marinova, Technical University of Sofia, Bulgaria&nbsp;<\/li>\n\n\n\n<li>Jana Suklan, Newcastle University, UK&nbsp;<\/li>\n\n\n\n<li>Ma\u0142gorzata Pa\u0144kowska, University of Economics in Katowice, Poland&nbsp;<\/li>\n\n\n\n<li>Marija Mitrovi\u0107 Dankulov, Institute of Physics Belgrade, Serbia&nbsp;<\/li>\n\n\n\n<li>Dolores Modic, Nord University, Norway&nbsp;<\/li>\n\n\n\n<li>Vida Vuka\u0161inovi\u0107, Jo\u017eef Stefan Institute, Slovenia&nbsp;<\/li>\n\n\n\n<li>Mateja Rek, School of Advanced Social Studies, Slovenia&nbsp;<\/li>\n\n\n\n<li>Sr\u0111an \u0160krbi\u0107, Faculty of Information Studies in Novo mesto, Slovenia&nbsp;<\/li>\n\n\n\n<li>Mirjana Mikala\u010dki, University of Novi Sad, Faculty of Science and Mathematics, Serbia<\/li>\n\n\n\n<li>Ana Bezi\u0107, Institute for Contemporary Art (IZK), TU Graz (Graz University of Technology)<\/li>\n\n\n\n<li>Ana Me\u0161trovi\u0107, University of Rijeka, Croatia<\/li>\n<\/ul>\n\n\n\n<p><\/p>\n","protected":false},"excerpt":{"rendered":"<p>Organizing Committee Program Committee<\/p>\n","protected":false},"author":2,"featured_media":0,"parent":0,"menu_order":0,"comment_status":"closed","ping_status":"closed","template":"","meta":{"footnotes":""},"class_list":["post-496","page","type-page","status-publish","hentry","latest_post"],"_links":{"self":[{"href":"https:\/\/itis.fis.unm.si\/index.php\/wp-json\/wp\/v2\/pages\/496"}],"collection":[{"href":"https:\/\/itis.fis.unm.si\/index.php\/wp-json\/wp\/v2\/pages"}],"about":[{"href":"https:\/\/itis.fis.unm.si\/index.php\/wp-json\/wp\/v2\/types\/page"}],"author":[{"embeddable":true,"href":"https:\/\/itis.fis.unm.si\/index.php\/wp-json\/wp\/v2\/users\/2"}],"replies":[{"embeddable":true,"href":"https:\/\/itis.fis.unm.si\/index.php\/wp-json\/wp\/v2\/comments?post=496"}],"version-history":[{"count":38,"href":"https:\/\/itis.fis.unm.si\/index.php\/wp-json\/wp\/v2\/pages\/496\/revisions"}],"predecessor-version":[{"id":1516,"href":"https:\/\/itis.fis.unm.si\/index.php\/wp-json\/wp\/v2\/pages\/496\/revisions\/1516"}],"wp:attachment":[{"href":"https:\/\/itis.fis.unm.si\/index.php\/wp-json\/wp\/v2\/media?parent=496"}],"curies":[{"name":"wp","href":"https:\/\/api.w.org\/{rel}","templated":true}]}}