{"id":46,"date":"2020-05-11T09:39:34","date_gmt":"2020-05-11T07:39:34","guid":{"rendered":"http:\/\/itis20.fis.unm.si\/?page_id=46"},"modified":"2025-10-10T09:33:37","modified_gmt":"2025-10-10T07:33:37","slug":"accommodation","status":"publish","type":"page","link":"https:\/\/itis.fis.unm.si\/index.php\/accommodation\/","title":{"rendered":"Accommodation"},"content":{"rendered":"\n<p> You can arrange the accommodation at the very <strong><a href=\"https:\/\/www.terme-krka.com\/en\/otocec\/accommodation\/hotel-sport\">Hotel \u0160port Oto\u010dec<\/a><\/strong>, Grajska cesta 2, 8222 Oto\u010dec, Slovenia.<\/p>\n\n\n\n<p><\/p>\n\n\n<div class=\"wp-block-image\">\n<figure class=\"aligncenter size-full is-resized\"><img decoding=\"async\" src=\"data:image\/gif;base64,R0lGODlhAQABAAAAACH5BAEKAAEALAAAAAABAAEAAAICTAEAOw==\" data-layzr=\"https:\/\/itis.fis.unm.si\/wp-content\/uploads\/2025\/04\/Hotel_Sport_Otocec.jpg\" alt=\"\" class=\"wp-image-1394\" style=\"width:813px;height:542px\"\/><\/figure><\/div>\n\n\n<p><\/p>\n\n\n\n<p><br>Alternatively, you can find other accommodation at <a href=\"https:\/\/www.booking.com\/city\/si\/novo-mesto.en-gb.html?aid=356980&amp;label=gog235jc-1DCAMoywFCCm5vdm8tbWVzdG9II1gDaOcBiAEBmAEjuAEYyAEM2AED6AEB-AECiAIBqAIEuAKM5s2_BsACAdICJDNmM2YxZjQyLWY1NzAtNGFhYS1hMTc4LTViYmNmNjRiMDk4NNgCBOACAQ&amp;sid=efc222bc01255089bb79f5cb4ecb519b&amp;inac=0&amp;lang=en-gb&amp;soz=1&amp;lang_click=other&amp;cdl=sl&amp;lang_changed=1\" target=\"_blank\" rel=\"noreferrer noopener\">Booking.com<\/a> or <a href=\"https:\/\/www.slovenia.info\/en\/places-to-go\/regions\/ljubljana-central-slovenia\/novo-mesto\" target=\"_blank\" rel=\"noreferrer noopener\">Slovenia Info<\/a>.<\/p>\n\n\n\n<p><\/p>\n\n\n\n<p><\/p>\n","protected":false},"excerpt":{"rendered":"<p>You can arrange the accommodation at the very Hotel \u0160port Oto\u010dec, Grajska cesta 2, 8222 Oto\u010dec, Slovenia. Alternatively, you can find other accommodation at Booking.com or Slovenia Info.<\/p>\n","protected":false},"author":1,"featured_media":0,"parent":0,"menu_order":5,"comment_status":"closed","ping_status":"closed","template":"","meta":{"footnotes":""},"class_list":["post-46","page","type-page","status-publish","hentry","latest_post"],"_links":{"self":[{"href":"https:\/\/itis.fis.unm.si\/index.php\/wp-json\/wp\/v2\/pages\/46"}],"collection":[{"href":"https:\/\/itis.fis.unm.si\/index.php\/wp-json\/wp\/v2\/pages"}],"about":[{"href":"https:\/\/itis.fis.unm.si\/index.php\/wp-json\/wp\/v2\/types\/page"}],"author":[{"embeddable":true,"href":"https:\/\/itis.fis.unm.si\/index.php\/wp-json\/wp\/v2\/users\/1"}],"replies":[{"embeddable":true,"href":"https:\/\/itis.fis.unm.si\/index.php\/wp-json\/wp\/v2\/comments?post=46"}],"version-history":[{"count":19,"href":"https:\/\/itis.fis.unm.si\/index.php\/wp-json\/wp\/v2\/pages\/46\/revisions"}],"predecessor-version":[{"id":1543,"href":"https:\/\/itis.fis.unm.si\/index.php\/wp-json\/wp\/v2\/pages\/46\/revisions\/1543"}],"wp:attachment":[{"href":"https:\/\/itis.fis.unm.si\/index.php\/wp-json\/wp\/v2\/media?parent=46"}],"curies":[{"name":"wp","href":"https:\/\/api.w.org\/{rel}","templated":true}]}}